{"id":2188,"date":"2026-04-27T17:09:15","date_gmt":"2026-04-27T17:09:15","guid":{"rendered":"https:\/\/swich.ma\/?post_type=product&#038;p=2188"},"modified":"2026-04-27T17:09:15","modified_gmt":"2026-04-27T17:09:15","slug":"2188","status":"publish","type":"product","link":"https:\/\/swich.ma\/ar\/product\/2188\/","title":{"rendered":""},"content":{"rendered":"<p data-start=\"396\" data-end=\"635\"><span dir=\"auto\">Cette robe fluide beige s\u00e9duit par son \u00e9l\u00e9gance naturelle et son style intemporel. Sa coupe l\u00e9g\u00e8re et a\u00e9rienne offre un tomb\u00e9 fluide qui accompagne harmonieusement les mouvements, garantissant confort et \u00e9l\u00e9gance.\u00a0<\/span><\/p>\n<p data-start=\"637\" data-end=\"938\"><span dir=\"auto\">Sa teinte beige douce et chaleureuse apporte une touche de sophistication discr\u00e8te, facile \u00e0 associer avec diff\u00e9rents accessoires pour cr\u00e9er des looks vari\u00e9s. Que ce soit avec des sandales pour une allure estivale ou des talons pour une tenue plus habill\u00e9e, cette robe s&rsquo;adapte \u00e0 toutes.<\/span><\/p>","protected":false},"excerpt":{"rendered":"<p>Robe fluide beige \u00e9l\u00e9gante et l\u00e9g\u00e8re, parfaite pour un style naturel et raffin\u00e9, id\u00e9ale au quotidien ou pour des occasions.<\/p>","protected":false},"featured_media":2146,"comment_status":"open","ping_status":"closed","template":"","meta":{"_surecart_dashboard_logo_width":"180px","_surecart_dashboard_show_logo":true,"_surecart_dashboard_navigation_orders":true,"_surecart_dashboard_navigation_invoices":true,"_surecart_dashboard_navigation_subscriptions":true,"_surecart_dashboard_navigation_downloads":true,"_surecart_dashboard_navigation_billing":true,"_surecart_dashboard_navigation_account":true,"site-sidebar-layout":"default","site-content-layout":"","ast-site-content-layout":"default","site-content-style":"default","site-sidebar-style":"default","ast-global-header-display":"","ast-banner-title-visibility":"","ast-main-header-display":"","ast-hfb-above-header-display":"","ast-hfb-below-header-display":"","ast-hfb-mobile-header-display":"","site-post-title":"","ast-breadcrumbs-content":"","ast-featured-img":"","footer-sml-layout":"","theme-transparent-header-meta":"default","adv-header-id-meta":"","stick-header-meta":"","header-above-stick-meta":"","header-main-stick-meta":"","header-below-stick-meta":"","astra-migrate-meta-layouts":"set","ast-page-background-enabled":"default","ast-page-background-meta":{"desktop":{"background-color":"var(--ast-global-color-4)","background-image":"","background-repeat":"repeat","background-position":"center center","background-size":"auto","background-attachment":"scroll","background-type":"","background-media":"","overlay-type":"","overlay-color":"","overlay-opacity":"","overlay-gradient":""},"tablet":{"background-color":"","background-image":"","background-repeat":"repeat","background-position":"center center","background-size":"auto","background-attachment":"scroll","background-type":"","background-media":"","overlay-type":"","overlay-color":"","overlay-opacity":"","overlay-gradient":""},"mobile":{"background-color":"","background-image":"","background-repeat":"repeat","background-position":"center center","background-size":"auto","background-attachment":"scroll","background-type":"","background-media":"","overlay-type":"","overlay-color":"","overlay-opacity":"","overlay-gradient":""}},"ast-content-background-meta":{"desktop":{"background-color":"var(--ast-global-color-5)","background-image":"","background-repeat":"repeat","background-position":"center center","background-size":"auto","background-attachment":"scroll","background-type":"","background-media":"","overlay-type":"","overlay-color":"","overlay-opacity":"","overlay-gradient":""},"tablet":{"background-color":"var(--ast-global-color-5)","background-image":"","background-repeat":"repeat","background-position":"center center","background-size":"auto","background-attachment":"scroll","background-type":"","background-media":"","overlay-type":"","overlay-color":"","overlay-opacity":"","overlay-gradient":""},"mobile":{"background-color":"var(--ast-global-color-5)","background-image":"","background-repeat":"repeat","background-position":"center center","background-size":"auto","background-attachment":"scroll","background-type":"","background-media":"","overlay-type":"","overlay-color":"","overlay-opacity":"","overlay-gradient":""}}},"product_brand":[],"product_cat":[85],"product_tag":[],"class_list":{"0":"post-2188","1":"product","2":"type-product","3":"status-publish","4":"has-post-thumbnail","6":"product_cat-moderne","7":"desktop-align-left","8":"tablet-align-left","9":"mobile-align-left","11":"first","12":"instock","13":"sale","14":"shipping-taxable","15":"purchasable","16":"product-type-simple"},"yoast_head":"<!-- This site is optimized with the Yoast SEO plugin v27.0 - https:\/\/yoast.com\/product\/yoast-seo-wordpress\/ -->\n<title>- S&#039;wiCH clothing<\/title>\n<meta name=\"robots\" content=\"index, follow, max-snippet:-1, max-image-preview:large, max-video-preview:-1\" \/>\n<link rel=\"canonical\" href=\"https:\/\/swich.ma\/ar\/product\/2188\/\" \/>\n<meta property=\"og:locale\" content=\"ar_AR\" \/>\n<meta property=\"og:type\" content=\"article\" \/>\n<meta property=\"og:title\" content=\"- S&#039;wiCH clothing\" \/>\n<meta property=\"og:description\" content=\"Robe fluide beige \u00e9l\u00e9gante et l\u00e9g\u00e8re, parfaite pour un style naturel et raffin\u00e9, id\u00e9ale au quotidien ou pour des occasions.\" \/>\n<meta property=\"og:url\" content=\"https:\/\/swich.ma\/ar\/product\/2188\/\" \/>\n<meta property=\"og:site_name\" content=\"S&#039;wiCH clothing\" \/>\n<meta property=\"og:image\" content=\"https:\/\/swich.ma\/wp-content\/uploads\/2026\/04\/19.png\" \/>\n\t<meta property=\"og:image:width\" content=\"1080\" \/>\n\t<meta property=\"og:image:height\" content=\"1350\" \/>\n\t<meta property=\"og:image:type\" content=\"image\/png\" \/>\n<meta name=\"twitter:card\" content=\"summary_large_image\" \/>\n<meta name=\"twitter:label1\" content=\"Est. reading time\" \/>\n\t<meta name=\"twitter:data1\" content=\"1 minute\" \/>\n<script type=\"application\/ld+json\" class=\"yoast-schema-graph\">{\"@context\":\"https:\/\/schema.org\",\"@graph\":[{\"@type\":\"WebPage\",\"@id\":\"https:\/\/swich.ma\/produit\/2188\/\",\"url\":\"https:\/\/swich.ma\/produit\/2188\/\",\"name\":\"- S&#039;wiCH clothing\",\"isPartOf\":{\"@id\":\"https:\/\/swich.ma\/#website\"},\"primaryImageOfPage\":{\"@id\":\"https:\/\/swich.ma\/produit\/2188\/#primaryimage\"},\"image\":{\"@id\":\"https:\/\/swich.ma\/produit\/2188\/#primaryimage\"},\"thumbnailUrl\":\"https:\/\/swich.ma\/wp-content\/uploads\/2026\/04\/19.png\",\"datePublished\":\"2026-04-27T17:09:15+00:00\",\"breadcrumb\":{\"@id\":\"https:\/\/swich.ma\/produit\/2188\/#breadcrumb\"},\"inLanguage\":\"ary\",\"potentialAction\":[{\"@type\":\"ReadAction\",\"target\":[\"https:\/\/swich.ma\/produit\/2188\/\"]}]},{\"@type\":\"ImageObject\",\"inLanguage\":\"ary\",\"@id\":\"https:\/\/swich.ma\/produit\/2188\/#primaryimage\",\"url\":\"https:\/\/swich.ma\/wp-content\/uploads\/2026\/04\/19.png\",\"contentUrl\":\"https:\/\/swich.ma\/wp-content\/uploads\/2026\/04\/19.png\",\"width\":1080,\"height\":1350},{\"@type\":\"BreadcrumbList\",\"@id\":\"https:\/\/swich.ma\/produit\/2188\/#breadcrumb\",\"itemListElement\":[{\"@type\":\"ListItem\",\"position\":1,\"name\":\"Accueil\",\"item\":\"https:\/\/swich.ma\/\"},{\"@type\":\"ListItem\",\"position\":2,\"name\":\"Shop\",\"item\":\"https:\/\/swich.ma\/shop\/\"}]},{\"@type\":\"WebSite\",\"@id\":\"https:\/\/swich.ma\/#website\",\"url\":\"https:\/\/swich.ma\/\",\"name\":\"S&#039;wiCH clothing\",\"description\":\"clothing and more &gt;&gt; from good to better\",\"publisher\":{\"@id\":\"https:\/\/swich.ma\/#organization\"},\"potentialAction\":[{\"@type\":\"SearchAction\",\"target\":{\"@type\":\"EntryPoint\",\"urlTemplate\":\"https:\/\/swich.ma\/?s={search_term_string}\"},\"query-input\":{\"@type\":\"PropertyValueSpecification\",\"valueRequired\":true,\"valueName\":\"search_term_string\"}}],\"inLanguage\":\"ary\"},{\"@type\":\"Organization\",\"@id\":\"https:\/\/swich.ma\/#organization\",\"name\":\"S&#039;wiCH clothing\",\"url\":\"https:\/\/swich.ma\/\",\"logo\":{\"@type\":\"ImageObject\",\"inLanguage\":\"ary\",\"@id\":\"https:\/\/swich.ma\/#\/schema\/logo\/image\/\",\"url\":\"https:\/\/swich.ma\/wp-content\/uploads\/2025\/07\/Flawless-white-logo-1.png\",\"contentUrl\":\"https:\/\/swich.ma\/wp-content\/uploads\/2025\/07\/Flawless-white-logo-1.png\",\"width\":284,\"height\":57,\"caption\":\"S&#039;wiCH clothing\"},\"image\":{\"@id\":\"https:\/\/swich.ma\/#\/schema\/logo\/image\/\"}}]}<\/script>\n<!-- \/ Yoast SEO plugin. -->","yoast_head_json":{"title":"- S&#039;wiCH clothing","robots":{"index":"index","follow":"follow","max-snippet":"max-snippet:-1","max-image-preview":"max-image-preview:large","max-video-preview":"max-video-preview:-1"},"canonical":"https:\/\/swich.ma\/ar\/product\/2188\/","og_locale":"ar_AR","og_type":"article","og_title":"- S&#039;wiCH clothing","og_description":"Robe fluide beige \u00e9l\u00e9gante et l\u00e9g\u00e8re, parfaite pour un style naturel et raffin\u00e9, id\u00e9ale au quotidien ou pour des occasions.","og_url":"https:\/\/swich.ma\/ar\/product\/2188\/","og_site_name":"S&#039;wiCH clothing","og_image":[{"width":1080,"height":1350,"url":"https:\/\/swich.ma\/wp-content\/uploads\/2026\/04\/19.png","type":"image\/png"}],"twitter_card":"summary_large_image","twitter_misc":{"Est. reading time":"1 minute"},"schema":{"@context":"https:\/\/schema.org","@graph":[{"@type":"WebPage","@id":"https:\/\/swich.ma\/produit\/2188\/","url":"https:\/\/swich.ma\/produit\/2188\/","name":"- S&#039;wiCH clothing","isPartOf":{"@id":"https:\/\/swich.ma\/#website"},"primaryImageOfPage":{"@id":"https:\/\/swich.ma\/produit\/2188\/#primaryimage"},"image":{"@id":"https:\/\/swich.ma\/produit\/2188\/#primaryimage"},"thumbnailUrl":"https:\/\/swich.ma\/wp-content\/uploads\/2026\/04\/19.png","datePublished":"2026-04-27T17:09:15+00:00","breadcrumb":{"@id":"https:\/\/swich.ma\/produit\/2188\/#breadcrumb"},"inLanguage":"ary","potentialAction":[{"@type":"ReadAction","target":["https:\/\/swich.ma\/produit\/2188\/"]}]},{"@type":"ImageObject","inLanguage":"ary","@id":"https:\/\/swich.ma\/produit\/2188\/#primaryimage","url":"https:\/\/swich.ma\/wp-content\/uploads\/2026\/04\/19.png","contentUrl":"https:\/\/swich.ma\/wp-content\/uploads\/2026\/04\/19.png","width":1080,"height":1350},{"@type":"BreadcrumbList","@id":"https:\/\/swich.ma\/produit\/2188\/#breadcrumb","itemListElement":[{"@type":"ListItem","position":1,"name":"Accueil","item":"https:\/\/swich.ma\/"},{"@type":"ListItem","position":2,"name":"Shop","item":"https:\/\/swich.ma\/shop\/"}]},{"@type":"WebSite","@id":"https:\/\/swich.ma\/#website","url":"https:\/\/swich.ma\/","name":"S&#039;wiCH clothing","description":"clothing and more &gt;&gt; from good to better","publisher":{"@id":"https:\/\/swich.ma\/#organization"},"potentialAction":[{"@type":"SearchAction","target":{"@type":"EntryPoint","urlTemplate":"https:\/\/swich.ma\/?s={search_term_string}"},"query-input":{"@type":"PropertyValueSpecification","valueRequired":true,"valueName":"search_term_string"}}],"inLanguage":"ary"},{"@type":"Organization","@id":"https:\/\/swich.ma\/#organization","name":"S&#039;wiCH clothing","url":"https:\/\/swich.ma\/","logo":{"@type":"ImageObject","inLanguage":"ary","@id":"https:\/\/swich.ma\/#\/schema\/logo\/image\/","url":"https:\/\/swich.ma\/wp-content\/uploads\/2025\/07\/Flawless-white-logo-1.png","contentUrl":"https:\/\/swich.ma\/wp-content\/uploads\/2025\/07\/Flawless-white-logo-1.png","width":284,"height":57,"caption":"S&#039;wiCH clothing"},"image":{"@id":"https:\/\/swich.ma\/#\/schema\/logo\/image\/"}}]}},"_links":{"self":[{"href":"https:\/\/swich.ma\/ar\/wp-json\/wp\/v2\/product\/2188","targetHints":{"allow":["GET"]}}],"collection":[{"href":"https:\/\/swich.ma\/ar\/wp-json\/wp\/v2\/product"}],"about":[{"href":"https:\/\/swich.ma\/ar\/wp-json\/wp\/v2\/types\/product"}],"replies":[{"embeddable":true,"href":"https:\/\/swich.ma\/ar\/wp-json\/wp\/v2\/comments?post=2188"}],"wp:featuredmedia":[{"embeddable":true,"href":"https:\/\/swich.ma\/ar\/wp-json\/wp\/v2\/media\/2146"}],"wp:attachment":[{"href":"https:\/\/swich.ma\/ar\/wp-json\/wp\/v2\/media?parent=2188"}],"wp:term":[{"taxonomy":"product_brand","embeddable":true,"href":"https:\/\/swich.ma\/ar\/wp-json\/wp\/v2\/product_brand?post=2188"},{"taxonomy":"product_cat","embeddable":true,"href":"https:\/\/swich.ma\/ar\/wp-json\/wp\/v2\/product_cat?post=2188"},{"taxonomy":"product_tag","embeddable":true,"href":"https:\/\/swich.ma\/ar\/wp-json\/wp\/v2\/product_tag?post=2188"}],"curies":[{"name":"wp","href":"https:\/\/api.w.org\/{rel}","templated":true}]}}