{"id":2112,"date":"2026-04-16T10:48:46","date_gmt":"2026-04-16T10:48:46","guid":{"rendered":"https:\/\/swich.ma\/?post_type=product&#038;p=2112"},"modified":"2026-04-16T11:19:52","modified_gmt":"2026-04-16T11:19:52","slug":"robe-noire-elegante-manches","status":"publish","type":"product","link":"https:\/\/swich.ma\/ar\/product\/robe-noire-elegante-manches\/","title":{"rendered":"Robe noire \u00e9l\u00e9gante manches"},"content":{"rendered":"<p>Cette robe noire incarne l\u2019\u00e9l\u00e9gance moderne avec une touche de finesse. Sa coupe fluide met en valeur la silhouette tandis que ses manches en voile \u00e0 pois apportent l\u00e9g\u00e8ret\u00e9 et sophistication. Facile \u00e0 porter, elle s\u2019adapte aussi bien \u00e0 un look de journ\u00e9e qu\u2019\u00e0 une tenue plus habill\u00e9e. Une pi\u00e8ce intemporelle \u00e0 avoir absolument dans votre dressing.<\/p>","protected":false},"excerpt":{"rendered":"<p data-pm-slice=\"1 1 []\">Robe noire fluide avec manches en voile \u00e0 pois, coupe f\u00e9minine et \u00e9l\u00e9gante. Id\u00e9ale pour toutes les occasions, du quotidien aux \u00e9v\u00e9nements.<\/p>","protected":false},"featured_media":2114,"comment_status":"open","ping_status":"closed","template":"","meta":{"_surecart_dashboard_logo_width":"180px","_surecart_dashboard_show_logo":true,"_surecart_dashboard_navigation_orders":true,"_surecart_dashboard_navigation_invoices":true,"_surecart_dashboard_navigation_subscriptions":true,"_surecart_dashboard_navigation_downloads":true,"_surecart_dashboard_navigation_billing":true,"_surecart_dashboard_navigation_account":true,"site-sidebar-layout":"default","site-content-layout":"","ast-site-content-layout":"default","site-content-style":"default","site-sidebar-style":"default","ast-global-header-display":"","ast-banner-title-visibility":"","ast-main-header-display":"","ast-hfb-above-header-display":"","ast-hfb-below-header-display":"","ast-hfb-mobile-header-display":"","site-post-title":"","ast-breadcrumbs-content":"","ast-featured-img":"","footer-sml-layout":"","theme-transparent-header-meta":"default","adv-header-id-meta":"","stick-header-meta":"","header-above-stick-meta":"","header-main-stick-meta":"","header-below-stick-meta":"","astra-migrate-meta-layouts":"set","ast-page-background-enabled":"default","ast-page-background-meta":{"desktop":{"background-color":"var(--ast-global-color-4)","background-image":"","background-repeat":"repeat","background-position":"center center","background-size":"auto","background-attachment":"scroll","background-type":"","background-media":"","overlay-type":"","overlay-color":"","overlay-opacity":"","overlay-gradient":""},"tablet":{"background-color":"","background-image":"","background-repeat":"repeat","background-position":"center center","background-size":"auto","background-attachment":"scroll","background-type":"","background-media":"","overlay-type":"","overlay-color":"","overlay-opacity":"","overlay-gradient":""},"mobile":{"background-color":"","background-image":"","background-repeat":"repeat","background-position":"center center","background-size":"auto","background-attachment":"scroll","background-type":"","background-media":"","overlay-type":"","overlay-color":"","overlay-opacity":"","overlay-gradient":""}},"ast-content-background-meta":{"desktop":{"background-color":"var(--ast-global-color-5)","background-image":"","background-repeat":"repeat","background-position":"center center","background-size":"auto","background-attachment":"scroll","background-type":"","background-media":"","overlay-type":"","overlay-color":"","overlay-opacity":"","overlay-gradient":""},"tablet":{"background-color":"var(--ast-global-color-5)","background-image":"","background-repeat":"repeat","background-position":"center center","background-size":"auto","background-attachment":"scroll","background-type":"","background-media":"","overlay-type":"","overlay-color":"","overlay-opacity":"","overlay-gradient":""},"mobile":{"background-color":"var(--ast-global-color-5)","background-image":"","background-repeat":"repeat","background-position":"center center","background-size":"auto","background-attachment":"scroll","background-type":"","background-media":"","overlay-type":"","overlay-color":"","overlay-opacity":"","overlay-gradient":""}}},"product_brand":[],"product_cat":[85],"product_tag":[],"class_list":{"0":"post-2112","1":"product","2":"type-product","3":"status-publish","4":"has-post-thumbnail","6":"product_cat-moderne","7":"desktop-align-left","8":"tablet-align-left","9":"mobile-align-left","11":"first","12":"instock","13":"shipping-taxable","14":"purchasable","15":"product-type-simple"},"yoast_head":"<!-- This site is optimized with the Yoast SEO plugin v27.0 - https:\/\/yoast.com\/product\/yoast-seo-wordpress\/ -->\n<title>Robe noire \u00e9l\u00e9gante manches - S&#039;wiCH clothing<\/title>\n<meta name=\"robots\" content=\"index, follow, max-snippet:-1, max-image-preview:large, max-video-preview:-1\" \/>\n<link rel=\"canonical\" href=\"https:\/\/swich.ma\/ar\/product\/robe-noire-elegante-manches\/\" \/>\n<meta property=\"og:locale\" content=\"ar_AR\" \/>\n<meta property=\"og:type\" content=\"article\" \/>\n<meta property=\"og:title\" content=\"Robe noire \u00e9l\u00e9gante manches - S&#039;wiCH clothing\" \/>\n<meta property=\"og:description\" content=\"Robe noire fluide avec manches en voile \u00e0 pois, coupe f\u00e9minine et \u00e9l\u00e9gante. Id\u00e9ale pour toutes les occasions, du quotidien aux \u00e9v\u00e9nements.\" \/>\n<meta property=\"og:url\" content=\"https:\/\/swich.ma\/ar\/product\/robe-noire-elegante-manches\/\" \/>\n<meta property=\"og:site_name\" content=\"S&#039;wiCH clothing\" \/>\n<meta property=\"article:modified_time\" content=\"2026-04-16T11:19:52+00:00\" \/>\n<meta property=\"og:image\" content=\"https:\/\/swich.ma\/wp-content\/uploads\/2026\/04\/9.png\" \/>\n\t<meta property=\"og:image:width\" content=\"1080\" \/>\n\t<meta property=\"og:image:height\" content=\"1350\" \/>\n\t<meta property=\"og:image:type\" content=\"image\/png\" \/>\n<meta name=\"twitter:card\" content=\"summary_large_image\" \/>\n<meta name=\"twitter:label1\" content=\"Est. reading time\" \/>\n\t<meta name=\"twitter:data1\" content=\"1 minute\" \/>\n<script type=\"application\/ld+json\" class=\"yoast-schema-graph\">{\"@context\":\"https:\/\/schema.org\",\"@graph\":[{\"@type\":\"WebPage\",\"@id\":\"https:\/\/swich.ma\/produit\/robe-noire-elegante-manches\/\",\"url\":\"https:\/\/swich.ma\/produit\/robe-noire-elegante-manches\/\",\"name\":\"Robe noire \u00e9l\u00e9gante manches - S&#039;wiCH clothing\",\"isPartOf\":{\"@id\":\"https:\/\/swich.ma\/#website\"},\"primaryImageOfPage\":{\"@id\":\"https:\/\/swich.ma\/produit\/robe-noire-elegante-manches\/#primaryimage\"},\"image\":{\"@id\":\"https:\/\/swich.ma\/produit\/robe-noire-elegante-manches\/#primaryimage\"},\"thumbnailUrl\":\"https:\/\/swich.ma\/wp-content\/uploads\/2026\/04\/9.png\",\"datePublished\":\"2026-04-16T10:48:46+00:00\",\"dateModified\":\"2026-04-16T11:19:52+00:00\",\"breadcrumb\":{\"@id\":\"https:\/\/swich.ma\/produit\/robe-noire-elegante-manches\/#breadcrumb\"},\"inLanguage\":\"ary\",\"potentialAction\":[{\"@type\":\"ReadAction\",\"target\":[\"https:\/\/swich.ma\/produit\/robe-noire-elegante-manches\/\"]}]},{\"@type\":\"ImageObject\",\"inLanguage\":\"ary\",\"@id\":\"https:\/\/swich.ma\/produit\/robe-noire-elegante-manches\/#primaryimage\",\"url\":\"https:\/\/swich.ma\/wp-content\/uploads\/2026\/04\/9.png\",\"contentUrl\":\"https:\/\/swich.ma\/wp-content\/uploads\/2026\/04\/9.png\",\"width\":1080,\"height\":1350},{\"@type\":\"BreadcrumbList\",\"@id\":\"https:\/\/swich.ma\/produit\/robe-noire-elegante-manches\/#breadcrumb\",\"itemListElement\":[{\"@type\":\"ListItem\",\"position\":1,\"name\":\"Accueil\",\"item\":\"https:\/\/swich.ma\/\"},{\"@type\":\"ListItem\",\"position\":2,\"name\":\"Shop\",\"item\":\"https:\/\/swich.ma\/shop\/\"},{\"@type\":\"ListItem\",\"position\":3,\"name\":\"Robe noire \u00e9l\u00e9gante manches\"}]},{\"@type\":\"WebSite\",\"@id\":\"https:\/\/swich.ma\/#website\",\"url\":\"https:\/\/swich.ma\/\",\"name\":\"S&#039;wiCH clothing\",\"description\":\"clothing and more &gt;&gt; from good to better\",\"publisher\":{\"@id\":\"https:\/\/swich.ma\/#organization\"},\"potentialAction\":[{\"@type\":\"SearchAction\",\"target\":{\"@type\":\"EntryPoint\",\"urlTemplate\":\"https:\/\/swich.ma\/?s={search_term_string}\"},\"query-input\":{\"@type\":\"PropertyValueSpecification\",\"valueRequired\":true,\"valueName\":\"search_term_string\"}}],\"inLanguage\":\"ary\"},{\"@type\":\"Organization\",\"@id\":\"https:\/\/swich.ma\/#organization\",\"name\":\"S&#039;wiCH clothing\",\"url\":\"https:\/\/swich.ma\/\",\"logo\":{\"@type\":\"ImageObject\",\"inLanguage\":\"ary\",\"@id\":\"https:\/\/swich.ma\/#\/schema\/logo\/image\/\",\"url\":\"https:\/\/swich.ma\/wp-content\/uploads\/2025\/07\/Flawless-white-logo-1.png\",\"contentUrl\":\"https:\/\/swich.ma\/wp-content\/uploads\/2025\/07\/Flawless-white-logo-1.png\",\"width\":284,\"height\":57,\"caption\":\"S&#039;wiCH clothing\"},\"image\":{\"@id\":\"https:\/\/swich.ma\/#\/schema\/logo\/image\/\"}}]}<\/script>\n<!-- \/ Yoast SEO plugin. -->","yoast_head_json":{"title":"Robe noire \u00e9l\u00e9gante manches - S&#039;wiCH clothing","robots":{"index":"index","follow":"follow","max-snippet":"max-snippet:-1","max-image-preview":"max-image-preview:large","max-video-preview":"max-video-preview:-1"},"canonical":"https:\/\/swich.ma\/ar\/product\/robe-noire-elegante-manches\/","og_locale":"ar_AR","og_type":"article","og_title":"Robe noire \u00e9l\u00e9gante manches - S&#039;wiCH clothing","og_description":"Robe noire fluide avec manches en voile \u00e0 pois, coupe f\u00e9minine et \u00e9l\u00e9gante. Id\u00e9ale pour toutes les occasions, du quotidien aux \u00e9v\u00e9nements.","og_url":"https:\/\/swich.ma\/ar\/product\/robe-noire-elegante-manches\/","og_site_name":"S&#039;wiCH clothing","article_modified_time":"2026-04-16T11:19:52+00:00","og_image":[{"width":1080,"height":1350,"url":"https:\/\/swich.ma\/wp-content\/uploads\/2026\/04\/9.png","type":"image\/png"}],"twitter_card":"summary_large_image","twitter_misc":{"Est. reading time":"1 minute"},"schema":{"@context":"https:\/\/schema.org","@graph":[{"@type":"WebPage","@id":"https:\/\/swich.ma\/produit\/robe-noire-elegante-manches\/","url":"https:\/\/swich.ma\/produit\/robe-noire-elegante-manches\/","name":"Robe noire \u00e9l\u00e9gante manches - S&#039;wiCH clothing","isPartOf":{"@id":"https:\/\/swich.ma\/#website"},"primaryImageOfPage":{"@id":"https:\/\/swich.ma\/produit\/robe-noire-elegante-manches\/#primaryimage"},"image":{"@id":"https:\/\/swich.ma\/produit\/robe-noire-elegante-manches\/#primaryimage"},"thumbnailUrl":"https:\/\/swich.ma\/wp-content\/uploads\/2026\/04\/9.png","datePublished":"2026-04-16T10:48:46+00:00","dateModified":"2026-04-16T11:19:52+00:00","breadcrumb":{"@id":"https:\/\/swich.ma\/produit\/robe-noire-elegante-manches\/#breadcrumb"},"inLanguage":"ary","potentialAction":[{"@type":"ReadAction","target":["https:\/\/swich.ma\/produit\/robe-noire-elegante-manches\/"]}]},{"@type":"ImageObject","inLanguage":"ary","@id":"https:\/\/swich.ma\/produit\/robe-noire-elegante-manches\/#primaryimage","url":"https:\/\/swich.ma\/wp-content\/uploads\/2026\/04\/9.png","contentUrl":"https:\/\/swich.ma\/wp-content\/uploads\/2026\/04\/9.png","width":1080,"height":1350},{"@type":"BreadcrumbList","@id":"https:\/\/swich.ma\/produit\/robe-noire-elegante-manches\/#breadcrumb","itemListElement":[{"@type":"ListItem","position":1,"name":"Accueil","item":"https:\/\/swich.ma\/"},{"@type":"ListItem","position":2,"name":"Shop","item":"https:\/\/swich.ma\/shop\/"},{"@type":"ListItem","position":3,"name":"Robe noire \u00e9l\u00e9gante manches"}]},{"@type":"WebSite","@id":"https:\/\/swich.ma\/#website","url":"https:\/\/swich.ma\/","name":"S&#039;wiCH clothing","description":"clothing and more &gt;&gt; from good to better","publisher":{"@id":"https:\/\/swich.ma\/#organization"},"potentialAction":[{"@type":"SearchAction","target":{"@type":"EntryPoint","urlTemplate":"https:\/\/swich.ma\/?s={search_term_string}"},"query-input":{"@type":"PropertyValueSpecification","valueRequired":true,"valueName":"search_term_string"}}],"inLanguage":"ary"},{"@type":"Organization","@id":"https:\/\/swich.ma\/#organization","name":"S&#039;wiCH clothing","url":"https:\/\/swich.ma\/","logo":{"@type":"ImageObject","inLanguage":"ary","@id":"https:\/\/swich.ma\/#\/schema\/logo\/image\/","url":"https:\/\/swich.ma\/wp-content\/uploads\/2025\/07\/Flawless-white-logo-1.png","contentUrl":"https:\/\/swich.ma\/wp-content\/uploads\/2025\/07\/Flawless-white-logo-1.png","width":284,"height":57,"caption":"S&#039;wiCH clothing"},"image":{"@id":"https:\/\/swich.ma\/#\/schema\/logo\/image\/"}}]}},"_links":{"self":[{"href":"https:\/\/swich.ma\/ar\/wp-json\/wp\/v2\/product\/2112","targetHints":{"allow":["GET"]}}],"collection":[{"href":"https:\/\/swich.ma\/ar\/wp-json\/wp\/v2\/product"}],"about":[{"href":"https:\/\/swich.ma\/ar\/wp-json\/wp\/v2\/types\/product"}],"replies":[{"embeddable":true,"href":"https:\/\/swich.ma\/ar\/wp-json\/wp\/v2\/comments?post=2112"}],"wp:featuredmedia":[{"embeddable":true,"href":"https:\/\/swich.ma\/ar\/wp-json\/wp\/v2\/media\/2114"}],"wp:attachment":[{"href":"https:\/\/swich.ma\/ar\/wp-json\/wp\/v2\/media?parent=2112"}],"wp:term":[{"taxonomy":"product_brand","embeddable":true,"href":"https:\/\/swich.ma\/ar\/wp-json\/wp\/v2\/product_brand?post=2112"},{"taxonomy":"product_cat","embeddable":true,"href":"https:\/\/swich.ma\/ar\/wp-json\/wp\/v2\/product_cat?post=2112"},{"taxonomy":"product_tag","embeddable":true,"href":"https:\/\/swich.ma\/ar\/wp-json\/wp\/v2\/product_tag?post=2112"}],"curies":[{"name":"wp","href":"https:\/\/api.w.org\/{rel}","templated":true}]}}